{"id":684,"date":"2023-08-14T21:08:58","date_gmt":"2023-08-14T19:08:58","guid":{"rendered":"https:\/\/www.annacarmona.com\/?page_id=684"},"modified":"2023-08-16T10:38:09","modified_gmt":"2023-08-16T08:38:09","slug":"sobre-mi-en-castellano","status":"publish","type":"page","link":"https:\/\/www.annacarmona.com\/?page_id=684","title":{"rendered":"Sobre mi"},"content":{"rendered":"\t\t<div data-elementor-type=\"wp-page\" data-elementor-id=\"684\" class=\"elementor elementor-684\" data-elementor-post-type=\"page\">\n\t\t\t\t\t\t<section class=\"elementor-section elementor-top-section elementor-element elementor-element-a4cb734 elementor-section-boxed elementor-section-height-default elementor-section-height-default\" data-id=\"a4cb734\" data-element_type=\"section\">\n\t\t\t\t\t\t<div class=\"elementor-container elementor-column-gap-default\">\n\t\t\t\t\t<div class=\"elementor-column elementor-col-100 elementor-top-column elementor-element elementor-element-5198211\" data-id=\"5198211\" data-element_type=\"column\">\n\t\t\t<div class=\"elementor-widget-wrap elementor-element-populated\">\n\t\t\t\t\t\t<div class=\"elementor-element elementor-element-f18b831 elementor-widget elementor-widget-text-editor\" data-id=\"f18b831\" data-element_type=\"widget\" data-widget_type=\"text-editor.default\">\n\t\t\t\t<div class=\"elementor-widget-container\">\n\t\t\t\t\t\t\t\t\t<p>BIOGRAF\u00cdA<\/p><p>Anna Carmona es una artista nacida en Girona, con una gran proyecci\u00f3n internacional. Durante su infancia ha estado acompa\u00f1ada de las historias de vida de su abuela, trabajadora en las f\u00e1bricas textiles de Sallent y Art\u00e9s, as\u00ed como de tejidos, hilos, m\u00e1quinas de coser y de mucha creatividad por parte de su madre modista. Un pasado que le marca y le descubre un arte con muchas posibilidades.<br \/>Inicia estudios de restauraci\u00f3n de muebles y policrom\u00eda y contin\u00faa con incursiones en el mundo de la carpinter\u00eda, talla y la t\u00e9cnica de la restauraci\u00f3n. De forma progresiva se forma y experimenta en otras disciplinas art\u00edsticas como el dise\u00f1o de mobiliario con plancha de metal y posteriormente se introduce en el dise\u00f1o textil art\u00edstico.<br \/>Todos estos conocimientos los aplica y los pone en valor a trav\u00e9s del tejido y experimenta combinando las t\u00e9cnicas aprendidas con distintos materiales y da forma a un lenguaje propio con el que crece como artista y como persona inspir\u00e1ndose con obras de artistas como Olga de Amaral, Jagoda Bui\u0107, Josep Grau-Garriga y Ricardo Bofill. Eclecticismo y descomposici\u00f3n, experimentaci\u00f3n y lujo, constante transformaci\u00f3n y herencia familiar vinculada al tejido.<br \/>Ha realizado diversas exposiciones en su Ciudad y en la actualidad, sus creaciones ya viven en Madrid, Marbella, Par\u00eds, Londres, Las Vegas, California, Florida y Washington.<\/p><p>DECLARACI\u00d3N DE ARTISTA<\/p><p>Anna Carmona es una artista que aplica diferentes t\u00e9cnicas, procesos y materiales a los textiles y fibras. Deja a un lado el trabajo t\u00e9cnico basado en la repetici\u00f3n, fluye por la indocilidad de los materiales y experimenta con total libertad. Le apasiona el transformar la materia y conseguir vol\u00famenes y texturas diferentes.<br \/>Entrelaza tejidos tratados con pigmentos, estucos o pan de oro, todos ellos materiales tradicionales y mundialmente empleados desde la antig\u00fcedad, con otros m\u00e1s modernos y sostenibles. Y es que el inter\u00e9s personal y la voluntad firme de adecuar la pr\u00e1ctica art\u00edstica a un modelo de vida m\u00e1s sostenible, puede apreciarse en sus obras posteriores introduciendo materiales reutilizados, como el cuero y los tejidos de calidad, que provienen de excedentes y residuos de distintos sectores del dise\u00f1o y la moda. Y tambi\u00e9n busca dar protagonismo a la lana por todas sus excelentes propiedades y potencial art\u00edstico.<br \/>Sus series se inspiran en paisajes, ciudades, arquitectura y la historia de vida que le acompa\u00f1an. Recuerdos de juventud, vacaciones, emociones, paisajes compartidos, el mar, bancales, muros de piedra, vegetaci\u00f3n&#8230; Pero tambi\u00e9n la ciudad, la m\u00fasica, la noche, su gente y las actividades culturales. Su obra est\u00e1 llena de simbolismo, pliegues, contornos, grietas, costuras y mezclas, evocan esos territorios y experiencias vividas y nos invita a crear nuestro propio paisaje interior. Y en su posterior serie \u201cNature\u201d pretende dar valor a los elementos de la naturaleza y elevarlos a obras de arte en reconocimiento a su belleza y a todo lo que nos aportan en agradecimiento y importancia a su existencia y preservaci\u00f3n. <br \/>A la vez, sus creaciones buscan influir en las emociones del espectador a trav\u00e9s de los diferentes sentidos. Creaciones monocrom\u00e1ticas, diferentes texturas t\u00e1ctiles, formas geom\u00e9tricas, arquitect\u00f3nicas u org\u00e1nicas, algunas de ellas m\u00f3viles que se pueden variar a voluntad. Creaciones art\u00edsticas que van m\u00e1s all\u00e1 de lo conceptual y la t\u00e9cnica y se caracterizan, adem\u00e1s, por ser obras sensoriales.<\/p>\t\t\t\t\t\t\t\t<\/div>\n\t\t\t\t<\/div>\n\t\t\t\t\t<\/div>\n\t\t<\/div>\n\t\t\t\t\t<\/div>\n\t\t<\/section>\n\t\t\t\t<\/div>\n\t\t","protected":false},"excerpt":{"rendered":"<p>BIOGRAF\u00cdA Anna Carmona es una artista nacida en Girona, con una gran proyecci\u00f3n internacional. Durante su infancia ha estado acompa\u00f1ada de las historias de vida de su abuela, trabajadora en las f\u00e1bricas textiles de Sallent y Art\u00e9s, as\u00ed como de tejidos, hilos, m\u00e1quinas de coser y de mucha creatividad por parte de su madre modista. &hellip;<\/p>\n<p class=\"read-more\"> <a class=\"\" href=\"https:\/\/www.annacarmona.com\/?page_id=684\"> <span class=\"screen-reader-text\">Sobre mi<\/span> Llegeix m\u00e9s &raquo;<\/a><\/p>\n","protected":false},"author":1,"featured_media":0,"parent":0,"menu_order":0,"comment_status":"closed","ping_status":"closed","template":"","meta":{"site-sidebar-layout":"no-sidebar","site-content-layout":"page-builder","ast-site-content-layout":"","site-content-style":"default","site-sidebar-style":"default","ast-global-header-display":"","ast-banner-title-visibility":"","ast-main-header-display":"","ast-hfb-above-header-display":"","ast-hfb-below-header-display":"","ast-hfb-mobile-header-display":"","site-post-title":"disabled","ast-breadcrumbs-content":"","ast-featured-img":"disabled","footer-sml-layout":"","theme-transparent-header-meta":"","adv-header-id-meta":"","stick-header-meta":"","header-above-stick-meta":"","header-main-stick-meta":"","header-below-stick-meta":"","astra-migrate-meta-layouts":"","ast-page-background-enabled":"default","ast-page-background-meta":{"desktop":{"background-color":"var(--ast-global-color-4)","background-image":"","background-repeat":"repeat","background-position":"center center","background-size":"auto","background-attachment":"scroll","background-type":"","background-media":"","overlay-type":"","overlay-color":"","overlay-gradient":""},"tablet":{"background-color":"","background-image":"","background-repeat":"repeat","background-position":"center center","background-size":"auto","background-attachment":"scroll","background-type":"","background-media":"","overlay-type":"","overlay-color":"","overlay-gradient":""},"mobile":{"background-color":"","background-image":"","background-repeat":"repeat","background-position":"center center","background-size":"auto","background-attachment":"scroll","background-type":"","background-media":"","overlay-type":"","overlay-color":"","overlay-gradient":""}},"ast-content-background-meta":{"desktop":{"background-color":"var(--ast-global-color-5)","background-image":"","background-repeat":"repeat","background-position":"center center","background-size":"auto","background-attachment":"scroll","background-type":"","background-media":"","overlay-type":"","overlay-color":"","overlay-gradient":""},"tablet":{"background-color":"var(--ast-global-color-5)","background-image":"","background-repeat":"repeat","background-position":"center center","background-size":"auto","background-attachment":"scroll","background-type":"","background-media":"","overlay-type":"","overlay-color":"","overlay-gradient":""},"mobile":{"background-color":"var(--ast-global-color-5)","background-image":"","background-repeat":"repeat","background-position":"center center","background-size":"auto","background-attachment":"scroll","background-type":"","background-media":"","overlay-type":"","overlay-color":"","overlay-gradient":""}},"footnotes":""},"class_list":["post-684","page","type-page","status-publish","hentry"],"lang":"es","translations":{"es":684,"ca":63,"en":635},"pll_sync_post":[],"_links":{"self":[{"href":"https:\/\/www.annacarmona.com\/index.php?rest_route=\/wp\/v2\/pages\/684","targetHints":{"allow":["GET"]}}],"collection":[{"href":"https:\/\/www.annacarmona.com\/index.php?rest_route=\/wp\/v2\/pages"}],"about":[{"href":"https:\/\/www.annacarmona.com\/index.php?rest_route=\/wp\/v2\/types\/page"}],"author":[{"embeddable":true,"href":"https:\/\/www.annacarmona.com\/index.php?rest_route=\/wp\/v2\/users\/1"}],"replies":[{"embeddable":true,"href":"https:\/\/www.annacarmona.com\/index.php?rest_route=%2Fwp%2Fv2%2Fcomments&post=684"}],"version-history":[{"count":8,"href":"https:\/\/www.annacarmona.com\/index.php?rest_route=\/wp\/v2\/pages\/684\/revisions"}],"predecessor-version":[{"id":861,"href":"https:\/\/www.annacarmona.com\/index.php?rest_route=\/wp\/v2\/pages\/684\/revisions\/861"}],"wp:attachment":[{"href":"https:\/\/www.annacarmona.com\/index.php?rest_route=%2Fwp%2Fv2%2Fmedia&parent=684"}],"curies":[{"name":"wp","href":"https:\/\/api.w.org\/{rel}","templated":true}]}}